{"id":11680,"date":"2018-12-14T15:37:49","date_gmt":"2018-12-14T14:37:49","guid":{"rendered":"https:\/\/www.pascucci1826.com\/ilario-fioravanti\/"},"modified":"2019-05-29T11:47:40","modified_gmt":"2019-05-29T09:47:40","slug":"ilario-fioravanti","status":"publish","type":"page","link":"https:\/\/www.pascucci1826.com\/en\/ilario-fioravanti\/","title":{"rendered":"Ilario Fioravanti"},"content":{"rendered":"<section class=\"vc_row wpb_row vc_row-fluid\"><div class=\"wpb_column vc_column_container vc_col-sm-12  col-xs-mobile-fullwidth\"><div class=\"vc_column-inner \"><div class=\"wpb_wrapper\"><a  href=\"https:\/\/www.pascucci1826.com\/en\/artists\/\" target=\"_self\" class=\"btn btn-text color-brown btn-text-with-icon btn-back pofo-button-1 button-style1  btn-dark-gray  btn-very-small   vc_custom_1559123258931\" ><img decoding=\"async\" src=\"https:\/\/www.pascucci1826.com\/wp-content\/uploads\/2019\/05\/arrows-back@2x.png\" alt=\"\" class=\"icon-image margin-5px-right no-margin-left\" style=\"max-height: 6px;\"\/>Back to all the artists<\/a><div class=\"vc_row wpb_row vc_inner vc_row-fluid\"><div class=\"wpb_column vc_column_container vc_col-sm-12  col-xs-mobile-fullwidth\"><div class=\"vc_column-inner \"><div class=\"wpb_wrapper\"><h1 class=\"text-extra-large margin-25px-bottom display-block heading-style3  heading-1\" >A precocious designer and art lover<\/h1><div class=\"last-paragraph-no-margin\"><p>Ilario Fioravanti was born in Cesena in 1922 and graduated in Architecture in Florence in 1949. He is an all-around artist, one of those admirable (and increasingly rare) people who are able to mingle and fuse different art types together; indeed, he still loves experimenting with techniques as much as he appreciates craftsmanship. This is why he pursues drawing, engraving and fresco painting, along with sculpture using terracotta, bronze and marble.<\/p>\n<p>The art critic Vittorio Sgarbi, a sincere admirer and close friend of Fioravanti, wrote: \u201cRiesce ad inserire il calore della carne nella creta: diviene, essa, una specie di calco della realt\u00e0 del cuore, \u00e8 in sostanza la realt\u00e0 del sentimento\u201d (He can put the warmth of flesh into the clay, which becomes a sort of mould for the reality of the heart, and shapes the reality of feelings).<\/p>\n<\/div><\/div><\/div><\/div><\/div><\/div><\/div><\/div><\/section>\n","protected":false},"excerpt":{"rendered":"Back to all the artistsA precocious designer and art loverIlario Fioravanti was born in Cesena in 1922 and graduated in Architecture in Florence in 1949. He is an all-around artist, one of those admirable (and increasingly rare) people who are able to mingle and fuse different art types together; indeed, he still loves experimenting with techniques as much as he appreciates craftsmanship. This is why he pursues drawing, engraving and fresco painting, along with sculpture using terracotta, bronze and marble. The art critic Vittorio Sgarbi, a sincere admirer and close friend of Fioravanti, wrote: \u201cRiesce ad inserire il calore della carne nella creta: diviene, essa, una specie di calco della realt\u00e0 del cuore, \u00e8 in sostanza la realt\u00e0 del sentimento\u201d (He can put the warmth of flesh into the clay, which becomes a sort of mould for the reality of the heart, and shapes the reality of feelings).","protected":false},"author":1,"featured_media":0,"parent":0,"menu_order":0,"comment_status":"closed","ping_status":"closed","template":"","meta":{"_acf_changed":false,"footnotes":""},"class_list":["post-11680","page","type-page","status-publish","hentry"],"acf":[],"_links":{"self":[{"href":"https:\/\/www.pascucci1826.com\/en\/wp-json\/wp\/v2\/pages\/11680","targetHints":{"allow":["GET"]}}],"collection":[{"href":"https:\/\/www.pascucci1826.com\/en\/wp-json\/wp\/v2\/pages"}],"about":[{"href":"https:\/\/www.pascucci1826.com\/en\/wp-json\/wp\/v2\/types\/page"}],"author":[{"embeddable":true,"href":"https:\/\/www.pascucci1826.com\/en\/wp-json\/wp\/v2\/users\/1"}],"replies":[{"embeddable":true,"href":"https:\/\/www.pascucci1826.com\/en\/wp-json\/wp\/v2\/comments?post=11680"}],"version-history":[{"count":0,"href":"https:\/\/www.pascucci1826.com\/en\/wp-json\/wp\/v2\/pages\/11680\/revisions"}],"wp:attachment":[{"href":"https:\/\/www.pascucci1826.com\/en\/wp-json\/wp\/v2\/media?parent=11680"}],"curies":[{"name":"wp","href":"https:\/\/api.w.org\/{rel}","templated":true}]}}