{"id":11994,"date":"2019-03-19T10:31:43","date_gmt":"2019-03-19T09:31:43","guid":{"rendered":"https:\/\/www.pascucci1826.com\/?page_id=11994"},"modified":"2019-05-29T11:48:04","modified_gmt":"2019-05-29T09:48:04","slug":"onorio-bravi","status":"publish","type":"page","link":"https:\/\/www.pascucci1826.com\/en\/onorio-bravi\/","title":{"rendered":"Onorio Bravi"},"content":{"rendered":"<section class=\"vc_row wpb_row vc_row-fluid\"><div class=\"wpb_column vc_column_container vc_col-sm-12  col-xs-mobile-fullwidth\"><div class=\"vc_column-inner \"><div class=\"wpb_wrapper\"><a  href=\"https:\/\/www.pascucci1826.com\/en\/artists\/\" target=\"_self\" class=\"btn btn-text color-brown btn-text-with-icon btn-back pofo-button-1 button-style1  btn-dark-gray  btn-very-small   vc_custom_1559123282447\" ><img decoding=\"async\" src=\"https:\/\/www.pascucci1826.com\/wp-content\/uploads\/2019\/05\/arrows-back@2x.png\" alt=\"\" class=\"icon-image margin-5px-right no-margin-left\" style=\"max-height: 6px;\"\/>Back to all the artists<\/a><div class=\"vc_row wpb_row vc_inner vc_row-fluid\"><div class=\"wpb_column vc_column_container vc_col-sm-12  col-xs-mobile-fullwidth\"><div class=\"vc_column-inner \"><div class=\"wpb_wrapper\"><h1 class=\"text-extra-large margin-25px-bottom display-block heading-style3  heading-1\" >Nato a Portico di Romagna, vive e lavora a S.Zaccaria<\/h1><div class=\"last-paragraph-no-margin\"><p>Dapprima autodidatta si \u00e8 diplomato poi all&#8217;accademia delle Belle Arti di Ravenna. I suoi interessi artistici comprendono Pittura ,Scenografia,Mosaico e Incisione, tecnica quest&#8217;ultima particolarmente amata e coltivata . L&#8217;attivit\u00e0 espositiva ,iniziata negli anni &#8217;80, \u00e8 contrassegnata da mostre personali e collettive in varie citt\u00e0 d&#8217;Italia.<\/p>\n<\/div><\/div><\/div><\/div><\/div><\/div><\/div><\/div><\/section>\n","protected":false},"excerpt":{"rendered":"Back to all the artistsNato a Portico di Romagna, vive e lavora a S.ZaccariaDapprima autodidatta si \u00e8 diplomato poi all'accademia delle Belle Arti di Ravenna. I suoi interessi artistici comprendono Pittura ,Scenografia,Mosaico e Incisione, tecnica quest'ultima particolarmente amata e coltivata . L'attivit\u00e0 espositiva ,iniziata negli anni '80, \u00e8 contrassegnata da mostre personali e collettive in varie citt\u00e0 d'Italia.","protected":false},"author":2,"featured_media":0,"parent":0,"menu_order":0,"comment_status":"closed","ping_status":"closed","template":"","meta":{"_acf_changed":false,"footnotes":""},"class_list":["post-11994","page","type-page","status-publish","hentry"],"acf":[],"_links":{"self":[{"href":"https:\/\/www.pascucci1826.com\/en\/wp-json\/wp\/v2\/pages\/11994","targetHints":{"allow":["GET"]}}],"collection":[{"href":"https:\/\/www.pascucci1826.com\/en\/wp-json\/wp\/v2\/pages"}],"about":[{"href":"https:\/\/www.pascucci1826.com\/en\/wp-json\/wp\/v2\/types\/page"}],"author":[{"embeddable":true,"href":"https:\/\/www.pascucci1826.com\/en\/wp-json\/wp\/v2\/users\/2"}],"replies":[{"embeddable":true,"href":"https:\/\/www.pascucci1826.com\/en\/wp-json\/wp\/v2\/comments?post=11994"}],"version-history":[{"count":0,"href":"https:\/\/www.pascucci1826.com\/en\/wp-json\/wp\/v2\/pages\/11994\/revisions"}],"wp:attachment":[{"href":"https:\/\/www.pascucci1826.com\/en\/wp-json\/wp\/v2\/media?parent=11994"}],"curies":[{"name":"wp","href":"https:\/\/api.w.org\/{rel}","templated":true}]}}